{"id":16939,"date":"2025-03-01T11:55:20","date_gmt":"2025-03-01T11:55:20","guid":{"rendered":"https:\/\/invest2030.pt\/pt\/?page_id=16939"},"modified":"2025-03-01T12:04:22","modified_gmt":"2025-03-01T12:04:22","slug":"politica-de-cookies","status":"publish","type":"page","link":"https:\/\/www.invest2030.pt\/pt\/politica-de-cookies\/","title":{"rendered":"Pol\u00edtica de Cookies"},"content":{"rendered":"\t\t<div data-elementor-type=\"wp-page\" data-elementor-id=\"16939\" class=\"elementor elementor-16939\" data-elementor-post-type=\"page\">\n\t\t\t\t        <section class=\"elementor-section elementor-top-section elementor-element elementor-element-43f06d42 elementor-section-boxed elementor-section-height-default elementor-section-height-default pxl-row-scroll-none pxl-zoom-point-false pxl-section-overflow-visible\" data-id=\"43f06d42\" data-element_type=\"section\">\n\n                \n                <div class=\"elementor-container elementor-column-gap-default \">\n                <div class=\"elementor-column elementor-col-100 elementor-top-column elementor-element elementor-element-29598edb pxl-column-none pxl-column-overflow-hidden-no\" data-id=\"29598edb\" data-element_type=\"column\">\r\n        <div class=\"elementor-widget-wrap elementor-element-populated\">\r\n                     \r\n        \t\t<div class=\"elementor-element elementor-element-6dd5d0c7 elementor-widget elementor-widget-text-editor\" data-id=\"6dd5d0c7\" data-element_type=\"widget\" data-widget_type=\"text-editor.default\">\n\t\t\t\t<div class=\"elementor-widget-container\">\n\t\t\t\t\t\t\t\t\t<p><strong>Pol\u00edtica de Cookies<\/strong><\/p>\n<p>Quando visita o nosso website, podemos enviar uma ou mais &#8220;cookies&#8221; \u2013 pequenos ficheiros de dados \u2013 para o seu computador de modo a identificar exclusivamente o seu navegador e deixar que a <strong>M\u00e9todos e Sugest\u00f5es, Lda<\/strong> o ajude a iniciar sess\u00e3o mais rapidamente e a melhorar a sua navega\u00e7\u00e3o atrav\u00e9s do nosso Website. Uma cookie pode transmitir informa\u00e7\u00f5es an\u00f3nimas sobre como navega no nosso website para que possamos fornecer-lhe uma experi\u00eancia mais personalizada, sem recolher informa\u00e7\u00f5es pessoais sobre si. Uma cookie persistente permanece no seu computador depois de fechar o seu navegador para que possa ser usado pelo mesmo em visitas subsequentes ao Servi\u00e7o. As cookies persistentes podem ser removidas seguindo as instru\u00e7\u00f5es do seu navegador web. Uma cookie de sess\u00e3o \u00e9 tempor\u00e1ria e desaparece depois de fechar o seu navegador.<\/p>\n<p><strong>Cookies Essenciais<\/strong><\/p>\n<p>Estas cookies s\u00e3o essenciais para lhe fornecer os servi\u00e7os dispon\u00edveis atrav\u00e9s do nosso website e para que possa utilizar algumas das suas funcionalidades. Por exemplo, permite que o conte\u00fado das p\u00e1ginas que solicita carregue mais rapidamente. Sem estas cookies, os Servi\u00e7os que pediu n\u00e3o podem ser prestados, e s\u00f3 utilizamos estas cookies para lhe fornecer esses servi\u00e7os.<\/p>\n<p><strong>Cookies de funcionalidade<\/strong><\/p>\n<p>Estas cookies permitem que o nosso Website se lembre das escolhas que faz quando o utiliza, como as altera\u00e7\u00f5es que faz para outras partes do nosso website que pode personalizar. O objetivo destas cookies \u00e9 proporcionar-lhe uma experi\u00eancia mais pessoal e evitar que tenha de voltar a introduzir as suas prefer\u00eancias sempre que visita o nosso website.<\/p>\n<p><strong>Cookies de an\u00e1lise e desempenho<\/strong><\/p>\n<p>Estas cookies s\u00e3o utilizadas para recolher informa\u00e7\u00f5es sobre o tr\u00e1fego para o nosso website e como os utilizadores o utilizam. A informa\u00e7\u00e3o recolhida atrav\u00e9s destas cookies n\u00e3o identifica &#8220;diretamente&#8221; qualquer visitante individual. No entanto, pode tornar esses visitantes &#8220;indiretamente identific\u00e1veis&#8221;. Isto porque as informa\u00e7\u00f5es recolhidas est\u00e3o tipicamente ligadas a um pseud\u00f3nimo identificador associado ao dispositivo que utiliza para aceder ao nosso website. A informa\u00e7\u00e3o recolhida \u00e9 agregada e an\u00f3nima. Utilizamos esta informa\u00e7\u00e3o para ajudar a operar o nosso website de forma mais eficiente, para recolher informa\u00e7\u00f5es demogr\u00e1ficas amplas e monitorizar o seu n\u00edvel de atividade.<\/p>\n<p>Podemos usar v\u00e1rias ferramentas diferentes, incluindo o Google Analytics e similares para este fim.<\/p>\n<p><strong>Cookies direcionadas e publicit\u00e1rias<\/strong><\/p>\n<p>Estas cookies acompanham os h\u00e1bitos de navega\u00e7\u00e3o dos utilizadores para nos permitir mostrar publicidade que \u00e9 mais prov\u00e1vel que lhe interesse. Estas cookies utilizam informa\u00e7\u00f5es sobre o seu hist\u00f3rico de navega\u00e7\u00e3o para agrupar com outros utilizadores que tenham interesses semelhantes. Com base nessas informa\u00e7\u00f5es, e com a nossa permiss\u00e3o, os anunciantes de terceiros podem colocar cookies para que possam apresentar an\u00fancios que pensamos que ser\u00e3o relevantes para os seus interesses enquanto estiver em sites de terceiros. Os anunciantes de terceiros tamb\u00e9m podem utilizar outras tecnologias para al\u00e9m de cookies colocadas no Website (como o JavaScript, ou web beacons) para medir a efic\u00e1cia dos seus an\u00fancios e personalizar o conte\u00fado publicit\u00e1rio.<\/p>\n<p><strong>Cookies de social media<\/strong><\/p>\n<p>Estas cookies s\u00e3o utilizadas quando partilha informa\u00e7\u00f5es utilizando um bot\u00e3o de partilha de redes sociais ou bot\u00e3o &#8220;like&#8221; no nosso Website, ou quando liga a sua conta ou se envolve com o nosso conte\u00fado em\/ou atrav\u00e9s de um site de redes sociais como Facebook, Twitter ou Google+. A rede social vai gravar que fez isto. Estas cookies tamb\u00e9m podem incluir determinado c\u00f3digo que foi colocado no nosso website para ajudar a rastrear convers\u00f5es de an\u00fancios, otimizar an\u00fancios com base em dados recolhidos, construir audi\u00eancias direcionadas para futuros an\u00fancios e remarketing para leads qualificadas \u2014 utilizadores que j\u00e1 tomaram determinadas medidas no website.<\/p>\n<p><strong>Como pode desativar os cookies?<\/strong><\/p>\n<p>Normalmente, pode redefinir o seu navegador web para recusar todas as cookies ou notific\u00e1-lo quando uma cookie est\u00e1 a ser enviada. Para tal, deve seguir as instru\u00e7\u00f5es fornecidas pelo seu navegador (normalmente localizadas dentro das &#8220;configura\u00e7\u00f5es&#8221;, &#8220;ferramentas&#8221; ou \u201cedi\u00e7\u00e3o de cookies\u201d). Muitos navegadores est\u00e3o definidos para aceitar cookies at\u00e9 que o utilizador altere as suas defini\u00e7\u00f5es. Se escolher n\u00e3o aceitar as nossas cookies, pode experienciar algum inconveniente na utiliza\u00e7\u00e3o do nosso website e algumas funcionalidades podem n\u00e3o funcionar corretamente.<\/p>\n<p><strong>As altera\u00e7\u00f5es \u00e0 Pol\u00edtica de Cookies da M\u00e9todos e Sugest\u00f5es, Lda.<\/strong><\/p>\n<p><strong>M\u00e9todos e Sugest\u00f5es, Lda<\/strong> reserva-se ao direirto de atualizar periodicamente a sua Pol\u00edtica de Cookies<\/p>\n<p>Campo Grande, 01 de Mar\u00e7o de 2025<\/p>\n<p><strong>M\u00e9todos e Sugest\u00f5es, Lda <\/strong><\/p>\n<p>CAMPO GRANDE 28, 4B 1700-093 Lisboa <a href=\"mailto:geral@invest2030.pt\">geral@invest2030.pt<\/a><\/p>\t\t\t\t\t\t\t\t<\/div>\n\t\t\t\t<\/div>\n\t\t            <\/div>\r\n        <\/div>\r\n        \t\t\t<\/div>\n\t\t<\/section>\n\t\t\t\t<\/div>\n\t\t","protected":false},"excerpt":{"rendered":"<p>Pol\u00edtica de Cookies Quando visita o nosso website, podemos enviar uma ou mais &#8220;cookies&#8221; \u2013 pequenos ficheiros de dados \u2013 para o seu computador de modo a identificar exclusivamente o seu navegador e deixar que a M\u00e9todos e Sugest\u00f5es, Lda o ajude a iniciar sess\u00e3o mais rapidamente e a melhorar a sua navega\u00e7\u00e3o atrav\u00e9s do [&hellip;]<\/p>\n","protected":false},"author":2,"featured_media":0,"parent":0,"menu_order":0,"comment_status":"closed","ping_status":"closed","template":"","meta":{"_acf_changed":false,"footnotes":""},"class_list":["post-16939","page","type-page","status-publish","hentry"],"acf":[],"_links":{"self":[{"href":"https:\/\/www.invest2030.pt\/pt\/wp-json\/wp\/v2\/pages\/16939","targetHints":{"allow":["GET"]}}],"collection":[{"href":"https:\/\/www.invest2030.pt\/pt\/wp-json\/wp\/v2\/pages"}],"about":[{"href":"https:\/\/www.invest2030.pt\/pt\/wp-json\/wp\/v2\/types\/page"}],"author":[{"embeddable":true,"href":"https:\/\/www.invest2030.pt\/pt\/wp-json\/wp\/v2\/users\/2"}],"replies":[{"embeddable":true,"href":"https:\/\/www.invest2030.pt\/pt\/wp-json\/wp\/v2\/comments?post=16939"}],"version-history":[{"count":7,"href":"https:\/\/www.invest2030.pt\/pt\/wp-json\/wp\/v2\/pages\/16939\/revisions"}],"predecessor-version":[{"id":16950,"href":"https:\/\/www.invest2030.pt\/pt\/wp-json\/wp\/v2\/pages\/16939\/revisions\/16950"}],"wp:attachment":[{"href":"https:\/\/www.invest2030.pt\/pt\/wp-json\/wp\/v2\/media?parent=16939"}],"curies":[{"name":"wp","href":"https:\/\/api.w.org\/{rel}","templated":true}]}}